{"id":44,"date":"2023-07-04T21:12:53","date_gmt":"2023-07-04T19:12:53","guid":{"rendered":"https:\/\/amedia-cm.com\/?page_id=44"},"modified":"2023-11-22T20:27:05","modified_gmt":"2023-11-22T19:27:05","slug":"creation-de-site-internet","status":"publish","type":"page","link":"https:\/\/amedia-cm.com\/index.php\/creation-de-site-internet\/","title":{"rendered":"Cr\u00e9ation de site internet"},"content":{"rendered":"\t\t<div data-elementor-type=\"wp-page\" data-elementor-id=\"44\" class=\"elementor elementor-44\">\n\t\t\t\t\t\t<section class=\"elementor-section elementor-top-section elementor-element elementor-element-7364dc52 elementor-section-boxed elementor-section-height-default elementor-section-height-default wpr-particle-no wpr-jarallax-no wpr-parallax-no wpr-sticky-section-no jltma-glass-effect-no\" data-id=\"7364dc52\" data-element_type=\"section\" data-e-type=\"section\">\n\t\t\t\t\t\t<div class=\"elementor-container elementor-column-gap-default\">\n\t\t\t\t\t<div class=\"elementor-column elementor-col-100 elementor-top-column elementor-element elementor-element-4ceaeb77 jltma-glass-effect-no\" data-id=\"4ceaeb77\" data-element_type=\"column\" data-e-type=\"column\">\n\t\t\t<div class=\"elementor-widget-wrap elementor-element-populated\">\n\t\t\t\t\t\t<div class=\"elementor-element elementor-element-d702fb1 jltma-glass-effect-no elementor-widget elementor-widget-heading\" data-id=\"d702fb1\" data-element_type=\"widget\" data-e-type=\"widget\" data-widget_type=\"heading.default\">\n\t\t\t\t<div class=\"elementor-widget-container\">\n\t\t\t\t\t<h2 class=\"elementor-heading-title elementor-size-default\">Fa\u00e7onnez votre pr\u00e9sence en ligne : demandez la cr\u00e9ation de votre site Internet sur mesure<\/h2>\t\t\t\t<\/div>\n\t\t\t\t<\/div>\n\t\t\t\t<div class=\"elementor-element elementor-element-4ca5a7f elementor-position-top jltma-glass-effect-no elementor-widget elementor-widget-image-box\" data-id=\"4ca5a7f\" data-element_type=\"widget\" data-e-type=\"widget\" data-widget_type=\"image-box.default\">\n\t\t\t\t<div class=\"elementor-widget-container\">\n\t\t\t\t\t<div class=\"elementor-image-box-wrapper\"><figure class=\"elementor-image-box-img\"><img fetchpriority=\"high\" decoding=\"async\" width=\"1181\" height=\"1181\" src=\"https:\/\/amedia-cm.com\/wp-content\/uploads\/2023\/11\/site-internet.png\" class=\"attachment-full size-full wp-image-1394\" alt=\"\" srcset=\"https:\/\/amedia-cm.com\/wp-content\/uploads\/2023\/11\/site-internet.png 1181w, https:\/\/amedia-cm.com\/wp-content\/uploads\/2023\/11\/site-internet-300x300.png 300w, https:\/\/amedia-cm.com\/wp-content\/uploads\/2023\/11\/site-internet-1024x1024.png 1024w, https:\/\/amedia-cm.com\/wp-content\/uploads\/2023\/11\/site-internet-150x150.png 150w, https:\/\/amedia-cm.com\/wp-content\/uploads\/2023\/11\/site-internet-768x768.png 768w\" sizes=\"(max-width: 1181px) 100vw, 1181px\" \/><\/figure><div class=\"elementor-image-box-content\"><h3 class=\"elementor-image-box-title\">Amedi@: votre partenaire num\u00e9rique de confiance!<\/h3><\/div><\/div>\t\t\t\t<\/div>\n\t\t\t\t<\/div>\n\t\t\t\t<div class=\"elementor-element elementor-element-292f1ac jltma-glass-effect-no elementor-widget elementor-widget-heading\" data-id=\"292f1ac\" data-element_type=\"widget\" data-e-type=\"widget\" data-widget_type=\"heading.default\">\n\t\t\t\t<div class=\"elementor-widget-container\">\n\t\t\t\t\t<h4 class=\"elementor-heading-title elementor-size-default\">Vos Besoins : la trame de votre site !<\/h4>\t\t\t\t<\/div>\n\t\t\t\t<\/div>\n\t\t\t\t<div class=\"elementor-element elementor-element-c1ad326 jltma-glass-effect-no elementor-widget elementor-widget-text-editor\" data-id=\"c1ad326\" data-element_type=\"widget\" data-e-type=\"widget\" data-widget_type=\"text-editor.default\">\n\t\t\t\t<div class=\"elementor-widget-container\">\n\t\t\t\t\t\t\t\t\t<p>Si vous \u00eates confront\u00e9 \u00e0 l&rsquo;un de ces obstacles :<\/p><ul><li><strong>Pr\u00e9sence virtuelle absente ou obsol\u00e8te :<\/strong> vous ressentez le besoin imp\u00e9ratif d&rsquo;une pr\u00e9sence en ligne qui refl\u00e8te la modernit\u00e9 et l&rsquo;essence de votre projet.<\/li><li><strong>Difficult\u00e9 \u00e0 atteindre votre public :<\/strong> votre site actuel ne g\u00e9n\u00e8re pas le trafic attendu, et vous recherchez une solution pour toucher un public plus large.<\/li><li><strong>Concurrence f\u00e9roce :<\/strong> vous aspirez \u00e0 vous d\u00e9marquer dans un monde en ligne satur\u00e9, avec un site web qui capte l&rsquo;attention et retient l&rsquo;int\u00e9r\u00eat.<\/li><\/ul>\t\t\t\t\t\t\t\t<\/div>\n\t\t\t\t<\/div>\n\t\t\t\t<div class=\"elementor-element elementor-element-c2add6f jltma-glass-effect-no elementor-widget elementor-widget-heading\" data-id=\"c2add6f\" data-element_type=\"widget\" data-e-type=\"widget\" data-widget_type=\"heading.default\">\n\t\t\t\t<div class=\"elementor-widget-container\">\n\t\t\t\t\t<h4 class=\"elementor-heading-title elementor-size-default\">Mon expertise vous est utile !<\/h4>\t\t\t\t<\/div>\n\t\t\t\t<\/div>\n\t\t\t\t<div class=\"elementor-element elementor-element-f348c7b jltma-glass-effect-no elementor-widget elementor-widget-text-editor\" data-id=\"f348c7b\" data-element_type=\"widget\" data-e-type=\"widget\" data-widget_type=\"text-editor.default\">\n\t\t\t\t<div class=\"elementor-widget-container\">\n\t\t\t\t\t\t\t\t\t<p>J&rsquo;\u00e9coute vos besoins pour cr\u00e9er un site sur mesure :<\/p><ul><li><strong style=\"font-style: inherit; color: var( --e-global-color-text );\">Design captivant :<\/strong><span style=\"font-style: inherit; font-weight: inherit; color: var( --e-global-color-text );\"> nous concevons des sites web esth\u00e9tiquement plaisants, dans le but de conserver l&rsquo;attention de vos visiteurs.<\/span><\/li><li><strong style=\"font-style: inherit; color: var( --e-global-color-text );\">Navigation intuitive :<\/strong><span style=\"font-style: inherit; font-weight: inherit; color: var( --e-global-color-text );\"> chaque site est con\u00e7u pour offrir une exp\u00e9rience utilisateur fluide et intuitive.<\/span><\/li><li><strong style=\"font-style: inherit; color: var( --e-global-color-text );\">Visibilit\u00e9 maximale :<\/strong><span style=\"font-style: inherit; font-weight: inherit; color: var( --e-global-color-text );\">\u00a0nous optimisons votre site pour les moteurs de recherche, assurant une visibilit\u00e9 accrue et attirant un trafic qualifi\u00e9.<\/span><\/li><\/ul>\t\t\t\t\t\t\t\t<\/div>\n\t\t\t\t<\/div>\n\t\t\t\t<div class=\"elementor-element elementor-element-d619328 jltma-glass-effect-no elementor-widget elementor-widget-heading\" data-id=\"d619328\" data-element_type=\"widget\" data-e-type=\"widget\" data-widget_type=\"heading.default\">\n\t\t\t\t<div class=\"elementor-widget-container\">\n\t\t\t\t\t<h4 class=\"elementor-heading-title elementor-size-default\">Mon action : votre passage vers le succ\u00e8s en ligne<\/h4>\t\t\t\t<\/div>\n\t\t\t\t<\/div>\n\t\t\t\t<div class=\"elementor-element elementor-element-cedaba2 jltma-glass-effect-no elementor-widget elementor-widget-text-editor\" data-id=\"cedaba2\" data-element_type=\"widget\" data-e-type=\"widget\" data-widget_type=\"text-editor.default\">\n\t\t\t\t<div class=\"elementor-widget-container\">\n\t\t\t\t\t\t\t\t\t<ul><li><strong>Consultation approfondie :<\/strong> commen\u00e7ons par comprendre les nuances de votre entreprise, vos objectifs et votre public cible \u00e0 travers une consultation approfondie.<\/li><li><strong style=\"font-size: 16px;\">Design personnalis\u00e9 :<\/strong><span style=\"font-size: 16px;\"> en collaboration nous concevons un site web sur mesure, align\u00e9 sur votre identit\u00e9 de marque.<\/span><\/li><li><strong style=\"font-size: 16px;\">Optimisation continue :<\/strong><span style=\"font-size: 16px;\">\u00a0de la conception initiale \u00e0 la maintenance continue <\/span><em style=\"font-size: 16px;\">(optionnelle)<\/em><span style=\"font-size: 16px;\">, nous nous assurons que votre site \u00e9volue avec votre entreprise pour rester toujours au top.<\/span><\/li><\/ul>\t\t\t\t\t\t\t\t<\/div>\n\t\t\t\t<\/div>\n\t\t\t\t<div class=\"elementor-element elementor-element-19319f3 jltma-glass-effect-no elementor-widget elementor-widget-heading\" data-id=\"19319f3\" data-element_type=\"widget\" data-e-type=\"widget\" data-widget_type=\"heading.default\">\n\t\t\t\t<div class=\"elementor-widget-container\">\n\t\t\t\t\t<h2 class=\"elementor-heading-title elementor-size-default\">Pr\u00eat \u00e0 donner vie \u00e0 votre pr\u00e9sence num\u00e9rique?<\/h2>\t\t\t\t<\/div>\n\t\t\t\t<\/div>\n\t\t\t\t<div class=\"elementor-element elementor-element-d0c1a27 jltma-glass-effect-no elementor-widget elementor-widget-text-editor\" data-id=\"d0c1a27\" data-element_type=\"widget\" data-e-type=\"widget\" data-widget_type=\"text-editor.default\">\n\t\t\t\t<div class=\"elementor-widget-container\">\n\t\t\t\t\t\t\t\t\t<p><strong>Votre aventure en ligne commence ici !\u00a0<\/strong><strong style=\"font-style: inherit; color: var( --e-global-color-text );\">Contactez-nous d\u00e8s aujourd&rsquo;hui pour une consultation <\/strong><strong style=\"font-style: inherit; color: var( --e-global-color-text );\">personnalis\u00e9e. D\u00e9couvrez comment nous pouvons non <\/strong><strong style=\"font-style: inherit; color: var( --e-global-color-text );\">seulement r\u00e9pondre \u00e0 vos besoins mais d\u00e9passer vos attentes, cr\u00e9ant ainsi un site web qui deviendra <\/strong><strong style=\"font-style: inherit; color: var( --e-global-color-text );\">le fer de lance de votre succ\u00e8s num\u00e9rique.<\/strong><\/p>\t\t\t\t\t\t\t\t<\/div>\n\t\t\t\t<\/div>\n\t\t\t\t\t<\/div>\n\t\t<\/div>\n\t\t\t\t\t<\/div>\n\t\t<\/section>\n\t\t\t\t<\/div>\n\t\t","protected":false},"excerpt":{"rendered":"<p>Fa\u00e7onnez votre pr\u00e9sence en ligne : demandez la cr\u00e9ation de votre site Internet sur mesure Amedi@: votre partenaire num\u00e9rique de confiance! Vos Besoins : la trame de votre site ! Si vous \u00eates confront\u00e9 \u00e0 l&rsquo;un de ces obstacles : Pr\u00e9sence virtuelle absente ou obsol\u00e8te : vous ressentez le besoin imp\u00e9ratif d&rsquo;une pr\u00e9sence en ligne qui refl\u00e8te la modernit\u00e9 et l&rsquo;essence de votre projet. Difficult\u00e9 \u00e0 atteindre votre public : votre site actuel ne g\u00e9n\u00e8re pas le trafic attendu, et vous recherchez une solution pour toucher un public plus large. Concurrence f\u00e9roce : vous aspirez \u00e0 vous d\u00e9marquer dans un monde en ligne satur\u00e9, avec un site web qui capte l&rsquo;attention et retient l&rsquo;int\u00e9r\u00eat. Mon expertise vous est utile ! J&rsquo;\u00e9coute vos besoins pour cr\u00e9er un site sur mesure : Design captivant : nous concevons des sites web esth\u00e9tiquement plaisants, dans le but de conserver l&rsquo;attention de vos visiteurs. Navigation intuitive : chaque site est con\u00e7u pour offrir une exp\u00e9rience utilisateur fluide et intuitive. Visibilit\u00e9 maximale :\u00a0nous optimisons votre site pour les moteurs de recherche, assurant une visibilit\u00e9 accrue et attirant un trafic qualifi\u00e9. Mon action : votre passage vers le succ\u00e8s en ligne Consultation approfondie : commen\u00e7ons par comprendre les nuances de votre entreprise, vos objectifs et votre public cible \u00e0 travers une consultation approfondie. Design personnalis\u00e9 : en collaboration nous concevons un site web sur mesure, align\u00e9 sur votre identit\u00e9 de marque. Optimisation continue :\u00a0de la conception initiale \u00e0 la maintenance continue (optionnelle), nous nous assurons que votre site \u00e9volue avec votre entreprise pour rester toujours au top. Pr\u00eat \u00e0 donner vie \u00e0 votre pr\u00e9sence num\u00e9rique? Votre aventure en ligne commence ici !\u00a0Contactez-nous d\u00e8s aujourd&rsquo;hui pour une consultation personnalis\u00e9e. D\u00e9couvrez comment nous pouvons non seulement r\u00e9pondre \u00e0 vos besoins mais d\u00e9passer vos attentes, cr\u00e9ant ainsi un site web qui deviendra le fer de lance de votre succ\u00e8s num\u00e9rique. Tarif Cr\u00e9ation de site Internet d\u00e8s 1000\u20ac Personnalisation du site S\u00e9curisation de l&#039;h\u00e9bergement Outil d&#039;analyse des visites du site Obtenir mon devis<\/p>\n","protected":false},"author":1,"featured_media":0,"parent":0,"menu_order":0,"comment_status":"closed","ping_status":"closed","template":"","meta":{"_uf_show_specific_survey":0,"_uf_disable_surveys":false,"site-sidebar-layout":"default","site-content-layout":"","ast-site-content-layout":"default","site-content-style":"default","site-sidebar-style":"default","ast-global-header-display":"","ast-banner-title-visibility":"","ast-main-header-display":"","ast-hfb-above-header-display":"","ast-hfb-below-header-display":"","ast-hfb-mobile-header-display":"","site-post-title":"","ast-breadcrumbs-content":"","ast-featured-img":"","footer-sml-layout":"","ast-disable-related-posts":"","theme-transparent-header-meta":"","adv-header-id-meta":"","stick-header-meta":"","header-above-stick-meta":"","header-main-stick-meta":"","header-below-stick-meta":"","astra-migrate-meta-layouts":"default","ast-page-background-enabled":"default","ast-page-background-meta":{"desktop":{"background-color":"","background-image":"","background-repeat":"repeat","background-position":"center center","background-size":"auto","background-attachment":"scroll","background-type":"","background-media":"","overlay-type":"","overlay-color":"","overlay-opacity":"","overlay-gradient":""},"tablet":{"background-color":"","background-image":"","background-repeat":"repeat","background-position":"center center","background-size":"auto","background-attachment":"scroll","background-type":"","background-media":"","overlay-type":"","overlay-color":"","overlay-opacity":"","overlay-gradient":""},"mobile":{"background-color":"","background-image":"","background-repeat":"repeat","background-position":"center center","background-size":"auto","background-attachment":"scroll","background-type":"","background-media":"","overlay-type":"","overlay-color":"","overlay-opacity":"","overlay-gradient":""}},"ast-content-background-meta":{"desktop":{"background-color":"var(--ast-global-color-5)","background-image":"","background-repeat":"repeat","background-position":"center center","background-size":"auto","background-attachment":"scroll","background-type":"","background-media":"","overlay-type":"","overlay-color":"","overlay-opacity":"","overlay-gradient":""},"tablet":{"background-color":"var(--ast-global-color-5)","background-image":"","background-repeat":"repeat","background-position":"center center","background-size":"auto","background-attachment":"scroll","background-type":"","background-media":"","overlay-type":"","overlay-color":"","overlay-opacity":"","overlay-gradient":""},"mobile":{"background-color":"var(--ast-global-color-5)","background-image":"","background-repeat":"repeat","background-position":"center center","background-size":"auto","background-attachment":"scroll","background-type":"","background-media":"","overlay-type":"","overlay-color":"","overlay-opacity":"","overlay-gradient":""}},"footnotes":""},"class_list":["post-44","page","type-page","status-publish","hentry"],"jetpack_sharing_enabled":true,"_links":{"self":[{"href":"https:\/\/amedia-cm.com\/index.php\/wp-json\/wp\/v2\/pages\/44","targetHints":{"allow":["GET"]}}],"collection":[{"href":"https:\/\/amedia-cm.com\/index.php\/wp-json\/wp\/v2\/pages"}],"about":[{"href":"https:\/\/amedia-cm.com\/index.php\/wp-json\/wp\/v2\/types\/page"}],"author":[{"embeddable":true,"href":"https:\/\/amedia-cm.com\/index.php\/wp-json\/wp\/v2\/users\/1"}],"replies":[{"embeddable":true,"href":"https:\/\/amedia-cm.com\/index.php\/wp-json\/wp\/v2\/comments?post=44"}],"version-history":[{"count":56,"href":"https:\/\/amedia-cm.com\/index.php\/wp-json\/wp\/v2\/pages\/44\/revisions"}],"predecessor-version":[{"id":1966,"href":"https:\/\/amedia-cm.com\/index.php\/wp-json\/wp\/v2\/pages\/44\/revisions\/1966"}],"wp:attachment":[{"href":"https:\/\/amedia-cm.com\/index.php\/wp-json\/wp\/v2\/media?parent=44"}],"curies":[{"name":"wp","href":"https:\/\/api.w.org\/{rel}","templated":true}]}}